{"id":8383,"date":"2026-01-30T21:39:35","date_gmt":"2026-01-30T13:39:35","guid":{"rendered":"https:\/\/ozellemed.com\/?page_id=8383"},"modified":"2026-02-28T16:40:32","modified_gmt":"2026-02-28T08:40:32","slug":"veterinary-hematology","status":"publish","type":"page","link":"https:\/\/ozellemed.com\/fr\/veterinary-hematology\/","title":{"rendered":"V\u00e9t\u00e9rinaire"},"content":{"rendered":"","protected":false},"excerpt":{"rendered":"","protected":false},"author":1,"featured_media":0,"parent":0,"menu_order":0,"comment_status":"closed","ping_status":"closed","template":"page-veterinary.php","meta":{"site-sidebar-layout":"default","site-content-layout":"","ast-site-content-layout":"full-width-container","site-content-style":"boxed","site-sidebar-style":"default","ast-global-header-display":"","ast-banner-title-visibility":"","ast-main-header-display":"","ast-hfb-above-header-display":"","ast-hfb-below-header-display":"","ast-hfb-mobile-header-display":"","site-post-title":"","ast-breadcrumbs-content":"","ast-featured-img":"","footer-sml-layout":"","theme-transparent-header-meta":"","adv-header-id-meta":"","stick-header-meta":"","header-above-stick-meta":"","header-main-stick-meta":"","header-below-stick-meta":"","astra-migrate-meta-layouts":"set","ast-page-background-enabled":"default","ast-page-background-meta":{"desktop":{"background-color":"","background-image":"","background-repeat":"repeat","background-position":"center center","background-size":"auto","background-attachment":"scroll","background-type":"","background-media":"","overlay-type":"","overlay-color":"","overlay-opacity":"","overlay-gradient":""},"tablet":{"background-color":"","background-image":"","background-repeat":"repeat","background-position":"center center","background-size":"auto","background-attachment":"scroll","background-type":"","background-media":"","overlay-type":"","overlay-color":"","overlay-opacity":"","overlay-gradient":""},"mobile":{"background-color":"","background-image":"","background-repeat":"repeat","background-position":"center center","background-size":"auto","background-attachment":"scroll","background-type":"","background-media":"","overlay-type":"","overlay-color":"","overlay-opacity":"","overlay-gradient":""}},"ast-content-background-meta":{"desktop":{"background-color":"var(--ast-global-color-5)","background-image":"","background-repeat":"repeat","background-position":"center center","background-size":"auto","background-attachment":"scroll","background-type":"","background-media":"","overlay-type":"","overlay-color":"","overlay-opacity":"","overlay-gradient":""},"tablet":{"background-color":"var(--ast-global-color-5)","background-image":"","background-repeat":"repeat","background-position":"center center","background-size":"auto","background-attachment":"scroll","background-type":"","background-media":"","overlay-type":"","overlay-color":"","overlay-opacity":"","overlay-gradient":""},"mobile":{"background-color":"var(--ast-global-color-5)","background-image":"","background-repeat":"repeat","background-position":"center center","background-size":"auto","background-attachment":"scroll","background-type":"","background-media":"","overlay-type":"","overlay-color":"","overlay-opacity":"","overlay-gradient":""}},"footnotes":""},"class_list":["post-8383","page","type-page","status-publish","hentry"],"yoast_head":"<!-- This site is optimized with the Yoast SEO Premium plugin v25.8 (Yoast SEO v25.8) - https:\/\/yoast.com\/wordpress\/plugins\/seo\/ -->\n<title>Veterinary Hematology &amp; CBC Analyzer | AI powered veterinary diagnostics<\/title>\n<meta name=\"description\" content=\"Discover Ozelle&#039;s veterinary hematology analyzer and AI-powered CBC diagnostic solution. Advanced blood, immunoassay, feces, and urine analysis technology for canine and feline healthcare.\" \/>\n<meta name=\"robots\" content=\"index, follow, max-snippet:-1, max-image-preview:large, max-video-preview:-1\" \/>\n<link rel=\"canonical\" href=\"https:\/\/ozellemed.com\/fr\/veterinary-hematology\/\" \/>\n<meta property=\"og:locale\" content=\"fr_FR\" \/>\n<meta property=\"og:type\" content=\"article\" \/>\n<meta property=\"og:title\" content=\"Veterinary\" \/>\n<meta property=\"og:description\" content=\"Discover Ozelle&#039;s veterinary hematology analyzer and AI-powered CBC diagnostic solution. Advanced blood, immunoassay, feces, and urine analysis technology for canine and feline healthcare.\" \/>\n<meta property=\"og:url\" content=\"https:\/\/ozellemed.com\/fr\/veterinary-hematology\/\" \/>\n<meta property=\"og:site_name\" content=\"Ozelle\" \/>\n<meta property=\"article:publisher\" content=\"https:\/\/www.facebook.com\/people\/Ozelle\/61554405117096\/\" \/>\n<meta property=\"article:modified_time\" content=\"2026-02-28T08:40:32+00:00\" \/>\n<meta property=\"og:image\" content=\"https:\/\/ozellemed.com\/wp-content\/uploads\/2025\/08\/ft_01.png\" \/>\n\t<meta property=\"og:image:width\" content=\"210\" \/>\n\t<meta property=\"og:image:height\" content=\"53\" \/>\n\t<meta property=\"og:image:type\" content=\"image\/png\" \/>\n<meta name=\"twitter:card\" content=\"summary_large_image\" \/>\n<script type=\"application\/ld+json\" class=\"yoast-schema-graph\">{\"@context\":\"https:\/\/schema.org\",\"@graph\":[{\"@type\":\"WebPage\",\"@id\":\"https:\/\/ozellemed.com\/veterinary-hematology\/\",\"url\":\"https:\/\/ozellemed.com\/veterinary-hematology\/\",\"name\":\"Veterinary Hematology & CBC Analyzer | AI powered veterinary diagnostics\",\"isPartOf\":{\"@id\":\"https:\/\/ozellemed.com\/ar\/#website\"},\"datePublished\":\"2026-01-30T13:39:35+00:00\",\"dateModified\":\"2026-02-28T08:40:32+00:00\",\"description\":\"Discover Ozelle's veterinary hematology analyzer and AI-powered CBC diagnostic solution. Advanced blood, immunoassay, feces, and urine analysis technology for canine and feline healthcare.\",\"breadcrumb\":{\"@id\":\"https:\/\/ozellemed.com\/veterinary-hematology\/#breadcrumb\"},\"inLanguage\":\"fr-FR\",\"potentialAction\":[{\"@type\":\"ReadAction\",\"target\":[\"https:\/\/ozellemed.com\/veterinary-hematology\/\"]}]},{\"@type\":\"BreadcrumbList\",\"@id\":\"https:\/\/ozellemed.com\/veterinary-hematology\/#breadcrumb\",\"itemListElement\":[{\"@type\":\"ListItem\",\"position\":1,\"name\":\"Home\",\"item\":\"https:\/\/ozellemed.com\/\"},{\"@type\":\"ListItem\",\"position\":2,\"name\":\"Veterinary\"}]},{\"@type\":\"WebSite\",\"@id\":\"https:\/\/ozellemed.com\/ar\/#website\",\"url\":\"https:\/\/ozellemed.com\/ar\/\",\"name\":\"Ozelle\",\"description\":\"Advanced IVD Medical Devices for Accurate Diagnostics\",\"publisher\":{\"@id\":\"https:\/\/ozellemed.com\/ar\/#organization\"},\"potentialAction\":[{\"@type\":\"SearchAction\",\"target\":{\"@type\":\"EntryPoint\",\"urlTemplate\":\"https:\/\/ozellemed.com\/ar\/?s={search_term_string}\"},\"query-input\":{\"@type\":\"PropertyValueSpecification\",\"valueRequired\":true,\"valueName\":\"search_term_string\"}}],\"inLanguage\":\"fr-FR\"},{\"@type\":[\"Organization\",\"Place\"],\"@id\":\"https:\/\/ozellemed.com\/ar\/#organization\",\"name\":\"Ozelle\",\"url\":\"https:\/\/ozellemed.com\/ar\/\",\"logo\":{\"@id\":\"https:\/\/ozellemed.com\/veterinary-hematology\/#local-main-organization-logo\"},\"image\":{\"@id\":\"https:\/\/ozellemed.com\/veterinary-hematology\/#local-main-organization-logo\"},\"sameAs\":[\"https:\/\/www.facebook.com\/people\/Ozelle\/61554405117096\/\",\"https:\/\/linkedin.com\/company\/ehome-health\/?viewAsMember=true\",\"https:\/\/www.youtube.com\/channel\/UC9aRrEh8r7gb3iX3vPvbHGw\",\"https:\/\/www.pinterest.com\/ozellegmbh\/\"],\"telephone\":[],\"openingHoursSpecification\":{\"@type\":\"OpeningHoursSpecification\",\"dayOfWeek\":[\"Monday\",\"Tuesday\",\"Wednesday\",\"Thursday\",\"Friday\",\"Saturday\",\"Sunday\"],\"opens\":\"00:00\",\"closes\":\"23:59\"}},{\"@type\":\"ImageObject\",\"inLanguage\":\"fr-FR\",\"@id\":\"https:\/\/ozellemed.com\/veterinary-hematology\/#local-main-organization-logo\",\"url\":\"https:\/\/ozellemed.com\/wp-content\/uploads\/2025\/09\/cropped-logo-1.png\",\"contentUrl\":\"https:\/\/ozellemed.com\/wp-content\/uploads\/2025\/09\/cropped-logo-1.png\",\"width\":180,\"height\":80,\"caption\":\"Ozelle\"}]}<\/script>\n<!-- \/ Yoast SEO Premium plugin. -->","yoast_head_json":{"title":"Analyseur d'h\u00e9matologie et de num\u00e9ration sanguine v\u00e9t\u00e9rinaire | Diagnostics v\u00e9t\u00e9rinaires bas\u00e9s sur l'IA","description":"D\u00e9couvrez l'analyseur d'h\u00e9matologie v\u00e9t\u00e9rinaire d'Ozelle et la solution de diagnostic de la NFS aliment\u00e9e par l'IA. Technologie avanc\u00e9e d'analyse du sang, des immunoessais, des f\u00e8ces et de l'urine pour les soins de sant\u00e9 canins et f\u00e9lins.","robots":{"index":"index","follow":"follow","max-snippet":"max-snippet:-1","max-image-preview":"max-image-preview:large","max-video-preview":"max-video-preview:-1"},"canonical":"https:\/\/ozellemed.com\/fr\/veterinary-hematology\/","og_locale":"fr_FR","og_type":"article","og_title":"Veterinary","og_description":"Discover Ozelle's veterinary hematology analyzer and AI-powered CBC diagnostic solution. Advanced blood, immunoassay, feces, and urine analysis technology for canine and feline healthcare.","og_url":"https:\/\/ozellemed.com\/fr\/veterinary-hematology\/","og_site_name":"Ozelle","article_publisher":"https:\/\/www.facebook.com\/people\/Ozelle\/61554405117096\/","article_modified_time":"2026-02-28T08:40:32+00:00","og_image":[{"width":210,"height":53,"url":"https:\/\/ozellemed.com\/wp-content\/uploads\/2025\/08\/ft_01.png","type":"image\/png"}],"twitter_card":"summary_large_image","schema":{"@context":"https:\/\/schema.org","@graph":[{"@type":"WebPage","@id":"https:\/\/ozellemed.com\/veterinary-hematology\/","url":"https:\/\/ozellemed.com\/veterinary-hematology\/","name":"Analyseur d'h\u00e9matologie et de num\u00e9ration sanguine v\u00e9t\u00e9rinaire | Diagnostics v\u00e9t\u00e9rinaires bas\u00e9s sur l'IA","isPartOf":{"@id":"https:\/\/ozellemed.com\/ar\/#website"},"datePublished":"2026-01-30T13:39:35+00:00","dateModified":"2026-02-28T08:40:32+00:00","description":"D\u00e9couvrez l'analyseur d'h\u00e9matologie v\u00e9t\u00e9rinaire d'Ozelle et la solution de diagnostic de la NFS aliment\u00e9e par l'IA. Technologie avanc\u00e9e d'analyse du sang, des immunoessais, des f\u00e8ces et de l'urine pour les soins de sant\u00e9 canins et f\u00e9lins.","breadcrumb":{"@id":"https:\/\/ozellemed.com\/veterinary-hematology\/#breadcrumb"},"inLanguage":"fr-FR","potentialAction":[{"@type":"ReadAction","target":["https:\/\/ozellemed.com\/veterinary-hematology\/"]}]},{"@type":"BreadcrumbList","@id":"https:\/\/ozellemed.com\/veterinary-hematology\/#breadcrumb","itemListElement":[{"@type":"ListItem","position":1,"name":"Home","item":"https:\/\/ozellemed.com\/"},{"@type":"ListItem","position":2,"name":"Veterinary"}]},{"@type":"WebSite","@id":"https:\/\/ozellemed.com\/ar\/#website","url":"https:\/\/ozellemed.com\/ar\/","name":"Ozelle","description":"Dispositifs m\u00e9dicaux de diagnostic in vitro avanc\u00e9s pour des diagnostics pr\u00e9cis","publisher":{"@id":"https:\/\/ozellemed.com\/ar\/#organization"},"potentialAction":[{"@type":"SearchAction","target":{"@type":"EntryPoint","urlTemplate":"https:\/\/ozellemed.com\/ar\/?s={search_term_string}"},"query-input":{"@type":"PropertyValueSpecification","valueRequired":true,"valueName":"search_term_string"}}],"inLanguage":"fr-FR"},{"@type":["Organization","Place"],"@id":"https:\/\/ozellemed.com\/ar\/#organization","name":"Ozelle","url":"https:\/\/ozellemed.com\/ar\/","logo":{"@id":"https:\/\/ozellemed.com\/veterinary-hematology\/#local-main-organization-logo"},"image":{"@id":"https:\/\/ozellemed.com\/veterinary-hematology\/#local-main-organization-logo"},"sameAs":["https:\/\/www.facebook.com\/people\/Ozelle\/61554405117096\/","https:\/\/linkedin.com\/company\/ehome-health\/?viewAsMember=true","https:\/\/www.youtube.com\/channel\/UC9aRrEh8r7gb3iX3vPvbHGw","https:\/\/www.pinterest.com\/ozellegmbh\/"],"telephone":[],"openingHoursSpecification":{"@type":"OpeningHoursSpecification","dayOfWeek":["Monday","Tuesday","Wednesday","Thursday","Friday","Saturday","Sunday"],"opens":"00:00","closes":"23:59"}},{"@type":"ImageObject","inLanguage":"fr-FR","@id":"https:\/\/ozellemed.com\/veterinary-hematology\/#local-main-organization-logo","url":"https:\/\/ozellemed.com\/wp-content\/uploads\/2025\/09\/cropped-logo-1.png","contentUrl":"https:\/\/ozellemed.com\/wp-content\/uploads\/2025\/09\/cropped-logo-1.png","width":180,"height":80,"caption":"Ozelle"}]}},"_links":{"self":[{"href":"https:\/\/ozellemed.com\/fr\/wp-json\/wp\/v2\/pages\/8383","targetHints":{"allow":["GET"]}}],"collection":[{"href":"https:\/\/ozellemed.com\/fr\/wp-json\/wp\/v2\/pages"}],"about":[{"href":"https:\/\/ozellemed.com\/fr\/wp-json\/wp\/v2\/types\/page"}],"author":[{"embeddable":true,"href":"https:\/\/ozellemed.com\/fr\/wp-json\/wp\/v2\/users\/1"}],"replies":[{"embeddable":true,"href":"https:\/\/ozellemed.com\/fr\/wp-json\/wp\/v2\/comments?post=8383"}],"version-history":[{"count":5,"href":"https:\/\/ozellemed.com\/fr\/wp-json\/wp\/v2\/pages\/8383\/revisions"}],"predecessor-version":[{"id":8695,"href":"https:\/\/ozellemed.com\/fr\/wp-json\/wp\/v2\/pages\/8383\/revisions\/8695"}],"wp:attachment":[{"href":"https:\/\/ozellemed.com\/fr\/wp-json\/wp\/v2\/media?parent=8383"}],"curies":[{"name":"wp","href":"https:\/\/api.w.org\/{rel}","templated":true}]}}